{"id":537,"date":"2016-03-06T15:04:58","date_gmt":"2016-03-06T14:04:58","guid":{"rendered":"http:\/\/flat-creek-roses.de\/wordpress\/?page_id=537"},"modified":"2026-03-15T09:59:12","modified_gmt":"2026-03-15T08:59:12","slug":"ueber-uns","status":"publish","type":"page","link":"http:\/\/flat-creek-roses.de\/wordpress\/?page_id=537","title":{"rendered":"\u00dcber uns"},"content":{"rendered":"<hr>\n<h2><a href=\"http:\/\/flat-creek-roses.de\/wordpress\/wp-content\/uploads\/2015\/07\/Class2015_slide5.jpg\" rel=\"attachment wp-att-222\"><img loading=\"lazy\" decoding=\"async\" class=\"aligncenter wp-image-222 size-full\" src=\"http:\/\/flat-creek-roses.de\/wordpress\/wp-content\/uploads\/2015\/07\/Class2015_slide5.jpg\" alt=\"Class2015_slide5\" width=\"1200\" height=\"348\" srcset=\"http:\/\/flat-creek-roses.de\/wordpress\/wp-content\/uploads\/2015\/07\/Class2015_slide5.jpg 1200w, http:\/\/flat-creek-roses.de\/wordpress\/wp-content\/uploads\/2015\/07\/Class2015_slide5-300x87.jpg 300w, http:\/\/flat-creek-roses.de\/wordpress\/wp-content\/uploads\/2015\/07\/Class2015_slide5-1024x297.jpg 1024w\" sizes=\"(max-width: 1200px) 100vw, 1200px\" \/><\/a>Square Dance Club<\/h2>\n<p>Wir sind ein Square Dance Club und tanzen die moderne Art des klassischen Square Dance aus den USA, der auch \u201cWestern Square Dance\u201d oder \u201cAmerican Square Dance\u201d genannt wird.<\/p>\n<p>Gegr\u00fcndet wurde der Club 2001 in&nbsp;der der VHS Bergisch Gladbach die auch einen Rosengarten hatte. So kam es zu der Inspiration der Gr\u00fcnder dem&nbsp;Club den Namen&nbsp;&#8222;Flat Creek Roses&#8220; zu geben.<\/p>\n<p>Seitdem treffen sich die Mitglieder einmal in der Woche zum Square Dance tanzen (Level: Mainstream) und seit einiger Zeit auch jeden ersten und dritten Clubabend im Monat zu einer Stunde Level Plus.<\/p>\n<p>Mehr dazu findet Ihr hier auf unseren Internet-&nbsp;oder&nbsp;<a href=\"https:\/\/www.facebook.com\/pages\/Flat-Creek-Roses-eV-Square-Dance-Club\/191428920896617\">Facebook-Seiten<\/a>&nbsp; <a href=\"https:\/\/www.facebook.com\/Flat-Creek-Roses-eV-Square-Dance-Club-191428920896617\/\" target=\"\" id=\"magee-social\" class=\"fa fa-facebook-official magee-icon    magee-shortcode magee-social social-5hk1eu_social_icon_acolor\" data-toggle=\"tooltip\" data-placement=\"top\" title=\"\" data-original-title=\"\"><\/a><\/p>\n<hr>\n<h2>Unser Angebot<\/h2>\n<h3>Mainstream<\/h3>\n<p>Auf unserem Clubabend&nbsp;tanzen wir jeden Donnerstag von 19:30 Uhr bis 21:30 Uhr den Level&nbsp;Mainstream. Der Level Mainstream beinhaltet 69 Figuren\/Kommandos die durch den Caller in die Tanzmusik eingebettete werden.<\/p>\n<div style=\"width: 660px;\" class=\"wp-video\"><!--[if lt IE 9]><script>document.createElement('video');<\/script><![endif]-->\n<video class=\"wp-video-shortcode\" id=\"video-537-1\" width=\"660\" height=\"371\" preload=\"metadata\" controls=\"controls\"><source type=\"video\/mp4\" src=\"http:\/\/flat-creek-roses.de\/wordpress\/wp-content\/uploads\/2017\/05\/Clubabend_2017-05-18b.mp4?_=1\" \/><a href=\"http:\/\/flat-creek-roses.de\/wordpress\/wp-content\/uploads\/2017\/05\/Clubabend_2017-05-18b.mp4\">http:\/\/flat-creek-roses.de\/wordpress\/wp-content\/uploads\/2017\/05\/Clubabend_2017-05-18b.mp4<\/a><\/video><\/div>\n<p>G\u00e4ste sind immer herzlich willkommen. Alle&nbsp;Tanztermine findet ihr unter <a href=\"http:\/\/flat-creek-roses.de\/wordpress\/?page_id=53\">Termine<\/a>.<\/p>\n<hr>\n<h3>Class<\/h3>\n<p>In unregelm\u00e4\u00dfigen Abst\u00e4nden bieten&nbsp;wir zum Erlernen des Square Dance eine Class an. Weitere Informationen hierzu findet Ihr auf unser Internetseite:&nbsp;&nbsp;<a href=\"http:\/\/flat-creek-roses.de\/wordpress\/?page_id=2\">Class<\/a><\/p>\n<hr>\n<h3>Plus<\/h3>\n<p>Jeden ersten und dritten Clubabend im Monat tanzen wir von 18:30 Uhr bis 19:30 Uhr Level Plus.<\/p>\n<p>G\u00e4ste sind auch hier herzlich willkommen. Anmeldung und Termine findet Ihr unter&nbsp;<a href=\"http:\/\/flat-creek-roses.de\/wordpress\/?page_id=53\">Termine<\/a>.<\/p>\n<hr>\n<h3>Showdance<\/h3>\n<p>Gerne tanzen wir auch auf Veranstaltungen und geben einen Einblick in die Welt des Square Dance.<\/p>\n<p><a href=\"http:\/\/flat-creek-roses.de\/wordpress\/wp-content\/uploads\/2016\/02\/25500277636_db8d74e845_z.jpg\" rel=\"attachment wp-att-558\"><img loading=\"lazy\" decoding=\"async\" class=\"wp-image-558 size-full aligncenter\" src=\"http:\/\/flat-creek-roses.de\/wordpress\/wp-content\/uploads\/2016\/02\/25500277636_db8d74e845_z.jpg\" alt=\"25500277636_db8d74e845_z\" width=\"640\" height=\"447\" srcset=\"http:\/\/flat-creek-roses.de\/wordpress\/wp-content\/uploads\/2016\/02\/25500277636_db8d74e845_z.jpg 640w, http:\/\/flat-creek-roses.de\/wordpress\/wp-content\/uploads\/2016\/02\/25500277636_db8d74e845_z-300x210.jpg 300w\" sizes=\"(max-width: 640px) 100vw, 640px\" \/><\/a><\/p>\n<hr>\n<h3>Squaredance mit Johnny Preston und unserem Clubcaller Oliver K\u00fcster<\/h3>\n\n\n<figure class=\"wp-block-embed is-type-video is-provider-youtube wp-block-embed-youtube wp-embed-aspect-16-9 wp-has-aspect-ratio\"><div class=\"wp-block-embed__wrapper\">\n<iframe loading=\"lazy\" title=\"Squaredance mit Johnny Preston und Oliver K\u00fcster\" width=\"660\" height=\"371\" src=\"https:\/\/www.youtube.com\/embed\/GyfPMmX_jj8?feature=oembed\" frameborder=\"0\" allow=\"accelerometer; autoplay; clipboard-write; encrypted-media; gyroscope; picture-in-picture; web-share\" referrerpolicy=\"strict-origin-when-cross-origin\" allowfullscreen><\/iframe>\n<\/div><\/figure>\n\n\n\n<p>Singingcall am Clubabend der Squarecompany D\u00fcsseldorf (10.07.2015) mit Gastcaller Johnny Preston und Clubcaller Oliver K\u00fcster.<\/p>\n\n\n\n<hr class=\"wp-block-separator has-css-opacity\"\/>\n\n\n\n<h3 class=\"wp-block-heading\">Vorstand (Board) <\/h3>\n\n\n\n<p>Unser Square Dance Club &#8222;Flat Creek Roses e.V.&#8220; ist ein eingetragener Verein und wird satzungsgem\u00e4\u00df durch den <a href=\"http:\/\/flat-creek-roses.de\/wordpress\/?page_id=30\">Vorstand (Board)<\/a> vertreten.   <\/p>\n\n\n\n<hr class=\"wp-block-separator has-alpha-channel-opacity\"\/>\n\n\n\n<h3 class=\"wp-block-heading\">Vereinszweck<\/h3>\n\n\n\n<p>Der Zweck des Vereins ist ausschlie\u00dflich und unmittelbar die Pflege und F\u00f6rderung des Tanzsports in der Form des amerikanischen Volkstanzes, insbesondere des Square Dance als Sport f\u00fcr alle Altersstufen. Dar\u00fcber hinaus sollen Jugendliche f\u00fcr diesen Tanzsport begeistert, f\u00fcr Familien ein Rahmen f\u00fcr gemeinsame sportliche Bet\u00e4tigung geschaffen und die menschlichen und kulturellen Beziehungen zu anderen V\u00f6lkern gef\u00f6rdert und vertieft werden.<\/p>\n\n\n\n<hr class=\"wp-block-separator has-alpha-channel-opacity\"\/>\n\n\n\n<h3 class=\"wp-block-heading\">Kontakt<\/h3>\n\n\n<div class=\"magee-person-box  person-togivm \" id = \"\"><div class=\"person-img-box\"><div class=\"img-box figcaption-middle text-center fade-in\"><a target=\"_blank\" href=\"#\" ><img decoding=\"async\" src=\"http:\/\/flat-creek-roses.de\/wordpress\/wp-content\/uploads\/2015\/06\/cropped-logo_1kl5-2.jpg\"><div class=\"img-overlay primary\" style=\"background-color:rgba(0,0,0,0.5);\"><div class=\"img-overlay-container\"><div class=\"img-overlay-content\"><i class=\"fa fa-link\"><\/i><\/div><\/div><\/div><\/a><\/div><\/div> <div class=\"person-vcard text-center\"><h3 class=\"person-name\" style=\"text-transform: uppercase;\">Info<\/h3> <h4 class=\"person-title\" style=\"text-transform: uppercase;\"><\/h4> <p class=\"person-desc\"><\/p><ul class=\"person-social\" > <li><a href=\"https:\/\/www.facebook.com\/Flat-Creek-Roses-eV-Square-Dance-Club-191428920896617\/?ref=hl\"><i class=\"fa fa-facebook\"><\/i><\/a><\/li> <li><a href=\"mailto:info@flat-creek-roses.de\"><i class=\"fa fa-envelope\"><\/i><\/a><\/li><\/ul><\/div><\/div>\n","protected":false},"excerpt":{"rendered":"<p>Square Dance Club Wir sind ein Square Dance Club und tanzen die moderne Art des klassischen Square Dance aus den USA, der auch \u201cWestern Square Dance\u201d oder \u201cAmerican Square Dance\u201d genannt wird. Gegr\u00fcndet wurde der Club 2001 in&nbsp;der der VHS Bergisch Gladbach die auch einen Rosengarten hatte. So kam es &#8230;<\/p>\n","protected":false},"author":1,"featured_media":0,"parent":0,"menu_order":1,"comment_status":"closed","ping_status":"closed","template":"","meta":{"footnotes":""},"jetpack_sharing_enabled":true,"_links":{"self":[{"href":"http:\/\/flat-creek-roses.de\/wordpress\/index.php?rest_route=\/wp\/v2\/pages\/537"}],"collection":[{"href":"http:\/\/flat-creek-roses.de\/wordpress\/index.php?rest_route=\/wp\/v2\/pages"}],"about":[{"href":"http:\/\/flat-creek-roses.de\/wordpress\/index.php?rest_route=\/wp\/v2\/types\/page"}],"author":[{"embeddable":true,"href":"http:\/\/flat-creek-roses.de\/wordpress\/index.php?rest_route=\/wp\/v2\/users\/1"}],"replies":[{"embeddable":true,"href":"http:\/\/flat-creek-roses.de\/wordpress\/index.php?rest_route=%2Fwp%2Fv2%2Fcomments&post=537"}],"version-history":[{"count":29,"href":"http:\/\/flat-creek-roses.de\/wordpress\/index.php?rest_route=\/wp\/v2\/pages\/537\/revisions"}],"predecessor-version":[{"id":4705,"href":"http:\/\/flat-creek-roses.de\/wordpress\/index.php?rest_route=\/wp\/v2\/pages\/537\/revisions\/4705"}],"wp:attachment":[{"href":"http:\/\/flat-creek-roses.de\/wordpress\/index.php?rest_route=%2Fwp%2Fv2%2Fmedia&parent=537"}],"curies":[{"name":"wp","href":"https:\/\/api.w.org\/{rel}","templated":true}]}}